
{"id":2815,"date":"2025-08-19T12:06:07","date_gmt":"2025-08-19T10:06:07","guid":{"rendered":"https:\/\/fl.hemsida.eu\/aloe-vera-drycker\/"},"modified":"2026-03-17T11:01:07","modified_gmt":"2026-03-17T10:01:07","slug":"aloe-vera-drycker","status":"publish","type":"page","link":"https:\/\/fl.hemsida.eu\/no\/aloe-vera-drycker\/","title":{"rendered":"Aloe vera drycker"},"content":{"rendered":"\n<div class=\"gb-element-7ff0cb66\">\n<div>\n<div class=\"wp-block-cover\"><img loading=\"lazy\" decoding=\"async\" width=\"2362\" height=\"886\" class=\"wp-block-cover__image-background wp-image-1178 size-full\" alt=\"\" src=\"https:\/\/fl.hemsida.eu\/wp-content\/uploads\/2025\/09\/40x15_PET_mars25.jpg\" data-object-fit=\"cover\" srcset=\"https:\/\/fl.hemsida.eu\/wp-content\/uploads\/2025\/09\/40x15_PET_mars25.jpg 2362w, https:\/\/fl.hemsida.eu\/wp-content\/uploads\/2025\/09\/40x15_PET_mars25-300x113.jpg 300w, https:\/\/fl.hemsida.eu\/wp-content\/uploads\/2025\/09\/40x15_PET_mars25-1024x384.jpg 1024w, https:\/\/fl.hemsida.eu\/wp-content\/uploads\/2025\/09\/40x15_PET_mars25-768x288.jpg 768w, https:\/\/fl.hemsida.eu\/wp-content\/uploads\/2025\/09\/40x15_PET_mars25-1536x576.jpg 1536w, https:\/\/fl.hemsida.eu\/wp-content\/uploads\/2025\/09\/40x15_PET_mars25-2048x768.jpg 2048w\" sizes=\"auto, (max-width: 2362px) 100vw, 2362px\" \/><span aria-hidden=\"true\" class=\"wp-block-cover__background has-background-dim-0 has-background-dim\"><\/span><div class=\"wp-block-cover__inner-container is-layout-constrained wp-block-cover-is-layout-constrained\">\n<p class=\"has-text-align-center has-large-font-size\"><\/p>\n<\/div><\/div>\n<\/div>\n<\/div>\n\n\n\n<div class=\"gb-element-2c612da3\">\n<div class=\"gb-element-8bc5fd4c\">\n<h1 class=\"gb-text gb-text-dba372f3\">Aloe vera-drycker f\u00f6r v\u00e4lm\u00e5ende<\/h1>\n\n\n\n<p>Vi tycker det ska vara l\u00e4tt att vara sn\u00e4ll mot sig sj\u00e4lv. D\u00e4rf\u00f6r vill vi ge dig m\u00e5nga m\u00f6jligheter och alternativ, som alla leder till h\u00e4lsa och v\u00e4lm\u00e5ende. V\u00e5ra kosttillskott i form av Aloe vera-drycker g\u00f6r det l\u00e4tt att p\u00e5b\u00f6rja resan och h\u00e5lla kursen stadigt mot dina m\u00e5l.&nbsp;Kolla in dessa och andra godingar i v\u00e5r shop.<\/p>\n\n\n<div style=\"gap: 20px;\" class=\"align-button-left ub-buttons orientation-button-row ub-flex-wrap wp-block-ub-button\" id=\"ub-button-cece1df9-a189-4e79-ba22-1a120c936187\"><div class=\"ub-button-container\">\n\t\t\t<a href=\"https:\/\/foreverliving.com\/shop\/swe\/sv-se\/drinks\" target=\"_blank\" rel=\"noopener noreferrer\" class=\"ub-button-block-main   ub-button-flex\" role=\"button\" style=\"--ub-button-background-color: #ffffff; --ub-button-color: #000000; --ub-button-border: none; --ub-button-hover-background-color: #000000; --ub-button-hover-color: #ffffff; --ub-button-hover-border: none; padding-top: 10px; padding-right: 10px; padding-bottom: 10px; padding-left: 10px; border-top-left-radius: 10px;; border-top-right-radius: 10px;; border-bottom-left-radius: 10px;; border-bottom-right-radius: 10px;; \">\n\t\t\t\t<div class=\"ub-button-content-holder\" style=\"flex-direction: row\">\n\t\t\t\t\t<span class=\"ub-button-block-btn\">SHOP<\/span>\n\t\t\t\t<\/div>\n\t\t\t<\/a>\n\t\t<\/div><\/div><\/div>\n<\/div>\n\n\n\n<div class=\"gb-element-078b6189\">\n<div class=\"gb-element-910c4585\">\n<h2 class=\"gb-text gb-text-46fbedbd\">Aloe vera<\/h2>\n\n\n\n<p>N\u00e4r du beh\u00f6ver en rej\u00e4l kickstart p\u00e5 v\u00e4gen mot en h\u00e4lsosammare livsstil kan det vara sk\u00f6nt att f\u00e5 hj\u00e4lp p\u00e5 v\u00e4gen. Kanske gillar du originalet b\u00e4st. Eller s\u00e5 lockar en lite syrligare smak, som tranb\u00e4r. Eller s\u00e5 vill du ha n\u00e5got s\u00f6tare, som persika eller tropisk mango. Oavsett vilken av v\u00e5ra fyra smaker du f\u00f6redrar s\u00e5 f\u00e5r du en dryck som \u00e4r fullproppad med handplockad Aloe vera fr\u00e5n finaste innerfil\u00e9. Originalet inneh\u00e5ller hissnande 99,7 % av v\u00e5r egen Aloe vera. L\u00e4s g\u00e4rna mer om varf\u00f6r just v\u00e5r Aloe vera \u00e4r s\u00e5 uppskattad och konsumeras av miljontals m\u00e4nniskor \u00f6ver hela v\u00e4rlden varje dag.<\/p>\n\n\n<div style=\"gap: 20px;\" class=\"align-button-left ub-buttons orientation-button-row ub-flex-wrap wp-block-ub-button\" id=\"ub-button-77596bd8-ce79-4d32-bb6c-2c10943e1998\"><div class=\"ub-button-container\">\n\t\t\t<a href=\"https:\/\/fl.hemsida.eu\/aloe-vera\/\" target=\"_self\" class=\"ub-button-block-main   ub-button-flex\" role=\"button\" style=\"--ub-button-background-color: #ffffff; --ub-button-color: #000000; --ub-button-border: none; --ub-button-hover-background-color: #000000; --ub-button-hover-color: #ffffff; --ub-button-hover-border: none; padding-top: 10px; padding-right: 10px; padding-bottom: 10px; padding-left: 10px; border-top-left-radius: 10px;; border-top-right-radius: 10px;; border-bottom-left-radius: 10px;; border-bottom-right-radius: 10px;; \">\n\t\t\t\t<div class=\"ub-button-content-holder\" style=\"flex-direction: row\">\n\t\t\t\t\t<span class=\"ub-button-block-btn\">v\u00c5R ALOE VERA<\/span>\n\t\t\t\t<\/div>\n\t\t\t<\/a>\n\t\t<\/div><\/div><\/div>\n<\/div>\n\n\n\n<div class=\"gb-element-6d45b529\">\n<div class=\"gb-element-80a09ccd\">\n<h2 class=\"gb-text gb-text-af33b30a\">Vitamin C<\/h2>\n\n\n\n<p>Dessutom inneh\u00e5ller dryckerna vitamin C, som bland annat bidrar till immunsystemets normala funktion, att skydda cellerna mot oxidativ stress och att minska tr\u00f6tthet och utmattning. D\u00e4remot ser du inte r\u00f6ken av varken s\u00f6tningsmedel, f\u00e4rg\u00e4mnen eller konserveringsmedel. F\u00f6r att \u00e4ven sj\u00e4len ska m\u00e5 bra kommer de i en milj\u00f6v\u00e4nlig Tetra Pak som sj\u00e4lvklart g\u00e5r att \u00e5tervinna.<\/p>\n\n\n\n<h2 class=\"gb-text gb-text-98dc316f\">Kosttillskott i form av smoothies och shakes<\/h2>\n\n\n\n<p>Forevers Aloe vera-drycker \u00e4r v\u00e5ra flaggskepp, v\u00e5ra stors\u00e4ljare. Vi \u00e4r inte f\u00f6rv\u00e5nade. Detta \u00e4r kosttillskott av h\u00f6gsta kvalitet med Aloe vera sk\u00f6rdad f\u00f6r hand fr\u00e5n v\u00e5ra egna odlingar. Men du hittar \u00e4ven andra goda och m\u00e4ttande alternativ bland v\u00e5ra drycker som du till exempel kan anv\u00e4nda i en mumsig smoothie eller en uppfriskande shake.<\/p>\n\n\n<div style=\"gap: 20px;\" class=\"align-button-left ub-buttons orientation-button-row ub-flex-wrap wp-block-ub-button\" id=\"ub-button-709a01e7-8dae-4282-8ff0-23005e57b57f\"><div class=\"ub-button-container\">\n\t\t\t<a href=\"https:\/\/foreverliving.com\/shop\/swe\/sv-se\/drinks\" target=\"_blank\" rel=\"noopener noreferrer\" class=\"ub-button-block-main   ub-button-flex\" role=\"button\" style=\"--ub-button-background-color: #ffffff; --ub-button-color: #000000; --ub-button-border: none; --ub-button-hover-background-color: #000000; --ub-button-hover-color: #ffffff; --ub-button-hover-border: none; padding-top: 10px; padding-right: 10px; padding-bottom: 10px; padding-left: 10px; border-top-left-radius: 10px;; border-top-right-radius: 10px;; border-bottom-left-radius: 10px;; border-bottom-right-radius: 10px;; \">\n\t\t\t\t<div class=\"ub-button-content-holder\" style=\"flex-direction: row\">\n\t\t\t\t\t<span class=\"ub-button-block-btn\">uTFORSKA SHOPPEN<\/span>\n\t\t\t\t<\/div>\n\t\t\t<\/a>\n\t\t<\/div><\/div><\/div>\n<\/div>\n\n\n\n<div class=\"gb-element-ec93cf59\">\n<div class=\"gb-element-996b7f69\">\n<img loading=\"lazy\" decoding=\"async\" width=\"1152\" height=\"650\" class=\"gb-media-8af5cfea\" alt=\"\" src=\"https:\/\/fl.hemsida.eu\/wp-content\/uploads\/2025\/09\/MicrosoftTeams-image-12.jpg\" title=\"MicrosoftTeams-image (12)\" srcset=\"https:\/\/fl.hemsida.eu\/wp-content\/uploads\/2025\/09\/MicrosoftTeams-image-12.jpg 1152w, https:\/\/fl.hemsida.eu\/wp-content\/uploads\/2025\/09\/MicrosoftTeams-image-12-300x169.jpg 300w, https:\/\/fl.hemsida.eu\/wp-content\/uploads\/2025\/09\/MicrosoftTeams-image-12-1024x578.jpg 1024w, https:\/\/fl.hemsida.eu\/wp-content\/uploads\/2025\/09\/MicrosoftTeams-image-12-768x433.jpg 768w\" sizes=\"auto, (max-width: 1152px) 100vw, 1152px\" \/>\n<\/div>\n<\/div>\n","protected":false},"excerpt":{"rendered":"<p>Aloe vera-drycker f\u00f6r v\u00e4lm\u00e5ende Vi tycker det ska vara l\u00e4tt att vara sn\u00e4ll mot sig sj\u00e4lv. D\u00e4rf\u00f6r vill vi ge dig m\u00e5nga m\u00f6jligheter och alternativ, som alla leder till h\u00e4lsa och v\u00e4lm\u00e5ende. V\u00e5ra kosttillskott i form av Aloe vera-drycker g\u00f6r det l\u00e4tt att p\u00e5b\u00f6rja resan och h\u00e5lla kursen stadigt mot dina m\u00e5l.&nbsp;Kolla in dessa och [&hellip;]<\/p>\n","protected":false},"author":1,"featured_media":0,"parent":0,"menu_order":0,"comment_status":"closed","ping_status":"closed","template":"","meta":{"_acf_changed":false,"_crsspst_to_foreverlivinghemsidaeu":false,"footnotes":""},"class_list":["post-2815","page","type-page","status-publish","hentry"],"acf":[],"featured_image_src":null,"_links":{"self":[{"href":"https:\/\/fl.hemsida.eu\/no\/wp-json\/wp\/v2\/pages\/2815","targetHints":{"allow":["GET"]}}],"collection":[{"href":"https:\/\/fl.hemsida.eu\/no\/wp-json\/wp\/v2\/pages"}],"about":[{"href":"https:\/\/fl.hemsida.eu\/no\/wp-json\/wp\/v2\/types\/page"}],"author":[{"embeddable":true,"href":"https:\/\/fl.hemsida.eu\/no\/wp-json\/wp\/v2\/users\/1"}],"replies":[{"embeddable":true,"href":"https:\/\/fl.hemsida.eu\/no\/wp-json\/wp\/v2\/comments?post=2815"}],"version-history":[{"count":1,"href":"https:\/\/fl.hemsida.eu\/no\/wp-json\/wp\/v2\/pages\/2815\/revisions"}],"predecessor-version":[{"id":3801,"href":"https:\/\/fl.hemsida.eu\/no\/wp-json\/wp\/v2\/pages\/2815\/revisions\/3801"}],"wp:attachment":[{"href":"https:\/\/fl.hemsida.eu\/no\/wp-json\/wp\/v2\/media?parent=2815"}],"curies":[{"name":"wp","href":"https:\/\/api.w.org\/{rel}","templated":true}]}}